{"id":5,"date":"2011-02-17T07:47:10","date_gmt":"2011-02-17T07:47:10","guid":{"rendered":"http:\/\/www.mladirod.at\/?page_id=5"},"modified":"2025-07-04T17:58:19","modified_gmt":"2025-07-04T16:58:19","slug":"o-nas","status":"publish","type":"page","link":"https:\/\/www.mladirod.at\/?page_id=5","title":{"rendered":"O nas"},"content":{"rendered":"<p style=\"text-align: right;\"><strong>Na\u0161e urednice in uredniki:<\/strong><\/p>\n<h4 style=\"text-align: right;\"><strong>Magda Zidej (glavna urednica)<\/strong>\u00a0<img loading=\"lazy\" decoding=\"async\" class=\"alignnone wp-image-3189 size-full\" src=\"https:\/\/www.mladirod.at\/wp-content\/uploads\/Slika-Magda-2021s.jpg\" alt=\"\" width=\"150\" height=\"225\" \/><\/h4>\n<h4 style=\"text-align: right;\"><span style=\"font-size: 15px; font-family: Verdana, BlinkMacSystemFont, -apple-system, 'Segoe UI', Roboto, Oxygen, Ubuntu, Cantarell, 'Open Sans', 'Helvetica Neue', sans-serif; color: initial;\">Mladi rod je kot metulj v pisanem vrtu besed, ki z lahkoto vodi bralca od cveta do cveta. Za to so odgovorni ustvarjalne urednice in uredniki, ki z raznolikimi prispevki o\u010darajo mlade bralce in skrbijo za nasmejane obraze ob branju Mladega roda.<\/span><\/h4>\n<h4 style=\"text-align: right;\"><strong>Mag. Dr. Sabina Buchwald (predsednica) <\/strong><a href=\"https:\/\/www.mladirod.at\/wp-content\/uploads\/Sabina-Buchwald-MR.jpg\"><img decoding=\"async\" class=\"alignnone wp-image-2693\" title=\"buchwald_sabina\" src=\"https:\/\/www.mladirod.at\/wp-content\/uploads\/Sabina-Buchwald-MR-250x300.jpg\" alt=\"\" width=\"150\" srcset=\"https:\/\/www.mladirod.at\/wp-content\/uploads\/Sabina-Buchwald-MR-250x300.jpg 250w, https:\/\/www.mladirod.at\/wp-content\/uploads\/Sabina-Buchwald-MR-852x1024.jpg 852w, https:\/\/www.mladirod.at\/wp-content\/uploads\/Sabina-Buchwald-MR.jpg 1023w\" sizes=\"(max-width: 250px) 100vw, 250px\" \/><\/a><\/h4>\n<blockquote>\n<h4>Mladi rod, kot bi lahko imenovali mlade bralce, ugankarje, gledalce, pisatelje, \u010drkogrize in besedopo\u017eira\u010de, ki listajo po tej \u0161olski reviji, je tisti, ki me spodbuja, da pi\u0161em.<br \/>\nVsako besedilo, vsak odstavek, vsaka poved, vsak stavek, vsaka beseda, skratka vsaka \u010drka, ki se pove\u017ee z nadaljnjimi \u010drkami in bralca spodbudi, da razmi\u0161lja, je radoveden, na novo odkriva in spoznava, izpolnjujejo namen Mladega roda.<\/h4>\n<\/blockquote>\n<h4 style=\"text-align: right;\"><strong>Stefan Lesjak (podpredsednik)<\/strong>\u00a0<img loading=\"lazy\" decoding=\"async\" class=\"alignnone size-full wp-image-2750\" src=\"https:\/\/www.mladirod.at\/wp-content\/uploads\/StefanLesjak2016-e1474708039818.jpg\" alt=\"StefanLesjak2016\" width=\"150\" height=\"224\" \/><\/h4>\n<blockquote>\n<h4>Ne pi\u0161em za otroke, pi\u0161em otrokom.<\/h4>\n<\/blockquote>\n<h4 style=\"text-align: right;\"><strong>Claudia Daniel (urednica)\u00a0<\/strong><a href=\"https:\/\/www.mladirod.at\/wp-content\/uploads\/daniel_claudia.jpg\"><strong><img loading=\"lazy\" decoding=\"async\" class=\"alignnone wp-image-67\" title=\"daniel_claudia\" src=\"https:\/\/www.mladirod.at\/wp-content\/uploads\/daniel_claudia.jpg\" alt=\"\" width=\"151\" height=\"188\" \/><\/strong><\/a><\/h4>\n<blockquote>\n<h4>Vesela sem, da smem sodelovati pri Mladem rodu. Ker sem sama u\u010diteljica, dobro vem, kaj otroci radi delajo oz. berejo. Ve\u010dkrat mi pridejo ideje tudi med poukom. Zame je Mladi rod zelo va\u017een pripomo\u010dek za dvojezi\u010den pouk. Upam, da meni in ostalim urednikom ne bo zmanjkalo idej!<\/h4>\n<\/blockquote>\n<h4 style=\"text-align: right;\"><strong>Mag.\u0363 Sabine Koren-Lederer (urednica)<img loading=\"lazy\" decoding=\"async\" class=\"alignnone wp-image-2771 \" src=\"https:\/\/www.mladirod.at\/wp-content\/uploads\/Foto-Sabine-Koren-Lederer.jpg\" alt=\"foto-sabine-koren-lederer\" width=\"151\" height=\"209\" \/><\/strong><\/h4>\n<blockquote>\n<h4>Sem sodelavka pri Mladem rodu, ker nudi revija pedago\u0161ko dragoceno gradivo za dvojezi\u010dni pouk. Gradivo je zelo raznoliko in je prilagojeno razli\u010dnim stopnjam znanja otrok, ki so prijavljeni k dvojezi\u010dnemu pouku.<br \/>\nV\u0161e\u010d mi je, da so prispevki prikrojeni letnemu \u010dasu in temam, ki jih obdelujemo v pouku. Ilustracije in moderne teme \u0161e posebej popestrijo Mladi rod.<\/h4>\n<\/blockquote>\n<h4 style=\"text-align: right;\"><strong>Pepej Krop (urednik)<\/strong>\u00a0<a href=\"https:\/\/www.mladirod.at\/wp-content\/uploads\/krop_pepej1.jpg\"><img decoding=\"async\" class=\"\" title=\"krop_pepej\" src=\"https:\/\/www.mladirod.at\/wp-content\/uploads\/krop_pepej1.jpg\" alt=\"\" width=\"150\" \/><\/a><\/h4>\n<blockquote>\n<h4>Mladi rod je tudi po 60-ih letih \u0161e vedno mlad, prikupen in nepogre\u0161ljiv spremljevalec \u0161olarjev in u\u010diteljev pri slovenskem pouku.<\/h4>\n<\/blockquote>\n<p style=\"text-align: right;\"><img loading=\"lazy\" decoding=\"async\" class=\"alignnone size-full wp-image-2948\" src=\"https:\/\/www.mladirod.at\/wp-content\/uploads\/jurij.jpg\" alt=\"jurij\" width=\"160\" height=\"210\" \/><\/p>\n<h4 style=\"text-align: right;\"><strong>Jurij Opetnik (urednik, blagajnik, pristojen za naro\u010dila)<\/strong><\/h4>\n<blockquote>\n<h4>Razvijati nove ideje &#8211; iskati nove pristope k u\u010denju jezika \u2013 se jezikovno izpopolnjevati \u2013 nuditi u\u010diteljem in u\u010diteljicam profesionalno gradivo \u2013 pisati za otroke &#8211; odkrivati v sebi pesmi in povesti \u2013 motivirati sodelavce in sodelavke \u2013videti \u017eare\u010de otro\u0161ke o\u010di pri branju &#8211; vse to me spodbuja za delo pri Mladem rodu.<\/h4>\n<\/blockquote>\n<h4 style=\"text-align: right;\"><strong>Janja Trap-Kert (urednica)<img loading=\"lazy\" decoding=\"async\" class=\"alignnone size-full wp-image-2748\" src=\"https:\/\/www.mladirod.at\/wp-content\/uploads\/JanjaTrapKert2016-e1474707769405.jpeg\" alt=\"JanjaTrapKert2016\" width=\"150\" height=\"206\" \/><br \/>\n<\/strong><\/h4>\n<blockquote>\n<h4>Mladi rod poznam \u017ee od svojega \u0161olskega \u010dasa naprej. Sodelujem \u017ee zelo dolgo, ker se mi zdi zelo va\u017een in uporaben spremljevalec v pouku sloven\u0161\u010dine. Najraje ustvarjam delovne liste, kri\u017eanke in podobno.<\/h4>\n<\/blockquote>\n<h4 style=\"text-align: right;\"><strong><span class=\"l\"><span class=\"s\">Mag. Dr.<\/span><\/span> Miha Vrbinc (urednik)<\/strong>\u00a0<a href=\"https:\/\/www.mladirod.at\/wp-content\/uploads\/vrbinc_miha.jpg\"><img decoding=\"async\" class=\"alignnone wp-image-50\" title=\"vrbinc_miha\" src=\"https:\/\/www.mladirod.at\/wp-content\/uploads\/vrbinc_miha.jpg\" alt=\"\" width=\"150\" \/><\/a><\/h4>\n<blockquote>\n<h4>Mladi rod je \u010dasopis, ki podpira u\u010denje sloven\u0161\u010dine v \u0161oli in doma. S svojimi vsebinami pokriva starostne skupine od najmlaj\u0161ih tja do 14 let, jezikovno znanje za\u010detnikov in izpopolnjevalcev kot prvi ali drugi\/tuji jezik.<br \/>\nTa raznolikost ponudbe me je zanimala, ko sem se odlo\u010dil za sodelovanje v uredni\u0161kem odboru. Kajti delo s kolegicami in kolegi iz razli\u010dnih \u0161ol in za razli\u010dne starosti in razli\u010dno jezikovno znanje je prava obogatitev za lastno pou\u010devanje in razmi\u0161ljanje o njem. V bistvu je to delo uredni\u0161kega odbora vizija za \u0161olstvo prihodnosti: sodelovanje v u\u010diteljskem timu, ki skrbi za dobro napredovanje u\u010denk in u\u010dencev in upo\u0161teva njihova izhodi\u0161\u010da in talente, njihov otro\u0161ki in mladinski svet.<\/h4>\n<\/blockquote>\n<h4 style=\"text-align: right;\"><strong>Mag. Christina Hrobath\u00a0(urednica) <a href=\"https:\/\/www.mladirod.at\/wp-content\/uploads\/christina3.jpg\"><img decoding=\"async\" class=\"alignnone wp-image-164\" title=\"christina\" src=\"https:\/\/www.mladirod.at\/wp-content\/uploads\/christina3.jpg\" alt=\"\" width=\"150\" \/><\/a><\/strong><\/h4>\n<blockquote>\n<h4>Mladi rod me je spremljal skozi vsa moja \u0161olska leta. V osnovni \u0161oli za slovenski pouk nisem poznala nobenih u\u010dbenikov in so bili ti zvezki dobrodo\u0161li spremljevalci, ki so mi odpirali svet do slovenskih pravljic in pesmic. Zdaj sama sodelujem pri Mladem rodu ve\u010d kot deset let. Najraje pi\u0161em sme\u0161ne zgodbice, s katerimi ho\u010dem<br \/>\npopestriti slovenski pouk mladih. Vesela sem, da je postal Mladi rod za mnogo u\u010diteljic in u\u010diteljev pomembno \u010dtivo.<\/h4>\n<\/blockquote>\n<h4 style=\"text-align: right;\"><strong>Reinhold Jannach (urednik)<img loading=\"lazy\" decoding=\"async\" class=\"alignnone wp-image-3006 size-full\" src=\"https:\/\/www.mladirod.at\/wp-content\/uploads\/Foto-Reinhold-Kopie.jpg\" width=\"150\" height=\"200\" \/><\/strong><\/h4>\n<blockquote>\n<h4>Sodelujem pri Mladem rodu, ker \u017eelim deliti svoje veselje do naravoslovja in naravoslovnih poskusov z mlaj\u0161imi in starej\u0161imi bralci. Obenem mislim, da je pomembno razvijati sloven\u0161\u010dino tudi na naravoslovnem podro\u010dju. \u010ce se vsaj nekaj bralcev veseli mojih prispevkov v Mladem rodu, sem dosegel svoj cilj.<\/h4>\n<\/blockquote>\n<div>\n<h4 style=\"text-align: right;\"><strong>Tanja \u010certov (urednica)<img loading=\"lazy\" decoding=\"async\" class=\"alignnone wp-image-3362 size-full\" src=\"https:\/\/www.mladirod.at\/wp-content\/uploads\/certov_tanja-e1725278565840.jpg\" alt=\"\" width=\"150\" height=\"200\" \/><\/strong><\/h4>\n<blockquote>\n<h4>Za vse, ki se veselijo vsake nove izdaje Mladega roda \u2013 da bi \u0161e naprej u\u017eivali ob igrivem raziskovanju slovenskega jezika in potapljanju v svet besed in literature. S spodbudnimi nalogami vam \u017eelim pokazati lepoto pisane besede in prebuditi va\u0161o ustvarjalnost.<\/h4>\n<\/blockquote>\n<\/div>\n<div>\n<h4 style=\"text-align: right;\"><strong>Teja Lampret Pacher (urednica)<img loading=\"lazy\" decoding=\"async\" class=\"alignnone wp-image-3373 size-full\" src=\"https:\/\/www.mladirod.at\/wp-content\/uploads\/Lampret-Pacher-Teja-scaled-e1725279219203.jpg\" alt=\"\" width=\"150\" height=\"231\" \/><\/strong><\/h4>\n<blockquote>\n<h4>Mladi rod zdru\u017euje tri izmed mojih najve\u010djih ljubezni \u2013 ljubezen do maternega jezika, ljubezen do glasbe in ljubezen do pou\u010devanja. V upanju, da otroci, star\u0161i, u\u010ditelji in u\u010diteljice pri branju besedil in igranju pesmic za\u010dutijo vsaj kan\u010dek ljubezni do slovenskega jezika, z veseljem ustvarjam za omenjeno revijo.<\/h4>\n<\/blockquote>\n<\/div>\n<div>\n<h4 style=\"text-align: right;\"><strong>Alexandra Sanna (urednica)<img loading=\"lazy\" decoding=\"async\" class=\"alignnone wp-image-3377 size-full\" src=\"https:\/\/www.mladirod.at\/wp-content\/uploads\/Alexandra-Sanna-e1725279614664.png\" alt=\"\" width=\"150\" height=\"250\" \/><\/strong><\/h4>\n<blockquote>\n<h4>U\u010diteljica sem \u017ee 10 let, eno leto sem pou\u010devala tudi v Sloveniji. Rada imam svoje delo, \u0161e posebej zato, ker mi omogo\u010da kreativno delo.\u00a0V prostem \u010dasu se rada ukvarjam s konji \u2013 od tam se mi je porodila\u00a0ideja o samoroginji v \u010darobnem gozdu.<\/h4>\n<h4>Moj moto: Svet je treba videti skozi otro\u0161ke o\u010di.<\/h4>\n<\/blockquote>\n<\/div>\n","protected":false},"excerpt":{"rendered":"<p>Na\u0161e urednice in uredniki: Magda Zidej (glavna urednica)\u00a0 Mladi rod je kot metulj v pisanem vrtu besed, ki z lahkoto vodi bralca od cveta do cveta. Za to so odgovorni ustvarjalne urednice in uredniki, ki z raznolikimi prispevki o\u010darajo mlade bralce in skrbijo za nasmejane obraze ob branju Mladega roda. Mag. Dr. Sabina Buchwald (predsednica) [&hellip;]<\/p>\n","protected":false},"author":1,"featured_media":3013,"parent":0,"menu_order":0,"comment_status":"closed","ping_status":"open","template":"","meta":{"footnotes":""},"class_list":["post-5","page","type-page","status-publish","has-post-thumbnail"],"_links":{"self":[{"href":"https:\/\/www.mladirod.at\/index.php?rest_route=\/wp\/v2\/pages\/5","targetHints":{"allow":["GET"]}}],"collection":[{"href":"https:\/\/www.mladirod.at\/index.php?rest_route=\/wp\/v2\/pages"}],"about":[{"href":"https:\/\/www.mladirod.at\/index.php?rest_route=\/wp\/v2\/types\/page"}],"author":[{"embeddable":true,"href":"https:\/\/www.mladirod.at\/index.php?rest_route=\/wp\/v2\/users\/1"}],"replies":[{"embeddable":true,"href":"https:\/\/www.mladirod.at\/index.php?rest_route=%2Fwp%2Fv2%2Fcomments&post=5"}],"version-history":[{"count":78,"href":"https:\/\/www.mladirod.at\/index.php?rest_route=\/wp\/v2\/pages\/5\/revisions"}],"predecessor-version":[{"id":3447,"href":"https:\/\/www.mladirod.at\/index.php?rest_route=\/wp\/v2\/pages\/5\/revisions\/3447"}],"wp:featuredmedia":[{"embeddable":true,"href":"https:\/\/www.mladirod.at\/index.php?rest_route=\/wp\/v2\/media\/3013"}],"wp:attachment":[{"href":"https:\/\/www.mladirod.at\/index.php?rest_route=%2Fwp%2Fv2%2Fmedia&parent=5"}],"curies":[{"name":"wp","href":"https:\/\/api.w.org\/{rel}","templated":true}]}}