{"id":37,"date":"2011-02-27T10:56:41","date_gmt":"2011-02-27T09:56:41","guid":{"rendered":"http:\/\/www.mladirod.at\/?page_id=37"},"modified":"2022-10-31T02:56:48","modified_gmt":"2022-10-31T01:56:48","slug":"nagradna-igra","status":"publish","type":"page","link":"https:\/\/www.mladirod.at\/?page_id=37","title":{"rendered":"Nagradna igra"},"content":{"rendered":"<p>Re\u0161i uganko &#8222;Poi\u0161\u010di v Mladem rodu&#8220; na strani 1! Re\u0161itev po\u0161lji na Mladi rod:<\/p>\n<p><a href=\"mailto:urednistvo@mladirod.at\">urednistvo@mladirod.at<\/a><\/p>\n<p><\/p>\n<p>Ob koncu \u0161olskega leta bomo iz\u017erebali nagrajence.<\/p>\n<p><\/p>\n\n\n<p><\/p>\n\n\n\n<hr class=\"wp-block-separator has-css-opacity\"\/>\n\n\n\n<p><\/p>\n\n\n\n<p>\u010ce \u017eeli\u0161 podpreti dru\u0161tvo Mladi rod, postani \u010dlan. Izpolni pristopno izjavo (<a href=\"https:\/\/www.mladirod.at\/wp-content\/uploads\/Pristopna-izjava-2-1.pdf\" data-type=\"URL\" data-id=\"https:\/\/www.mladirod.at\/wp-content\/uploads\/Pristopna-izjava-2-1.pdf\" target=\"_blank\" rel=\"noreferrer noopener\">glej pdf<\/a>), jo skeniraj ali poslikaj ter po\u0161lji na <a href=\"mailto:office@mladirod.at\">office@mladirod.at<\/a>.&nbsp;Pla\u010dilni pogoji:&nbsp;Namen uporabe\/Verwendungszweck: \u010cLANARINA.&nbsp; Prejemnik\/Empf\u00e4nger: Mladi rod,&nbsp;IBAN: AT74 3910 0000 0302 7190, BIC: VSGKAT2K<\/p>\n\n\n\n<figure class=\"wp-block-image size-full is-resized\"><img decoding=\"async\" src=\"https:\/\/www.mladirod.at\/wp-content\/uploads\/Mladi-rod-ovitek-nov-dec-1.png\" alt=\"\" class=\"wp-image-3264\" width=\"150\" srcset=\"https:\/\/www.mladirod.at\/wp-content\/uploads\/Mladi-rod-ovitek-nov-dec-1.png 367w, https:\/\/www.mladirod.at\/wp-content\/uploads\/Mladi-rod-ovitek-nov-dec-1-201x300.png 201w\" sizes=\"(max-width: 367px) 100vw, 367px\" \/><\/figure>\n","protected":false},"excerpt":{"rendered":"<p>Re\u0161i uganko &#8222;Poi\u0161\u010di v Mladem rodu&#8220; na strani 1! Re\u0161itev po\u0161lji na Mladi rod: urednistvo@mladirod.at Ob koncu \u0161olskega leta bomo iz\u017erebali nagrajence. \u010ce \u017eeli\u0161 podpreti dru\u0161tvo Mladi rod, postani \u010dlan. Izpolni pristopno izjavo (glej pdf), jo skeniraj ali poslikaj ter po\u0161lji na office@mladirod.at.&nbsp;Pla\u010dilni pogoji:&nbsp;Namen uporabe\/Verwendungszweck: \u010cLANARINA.&nbsp; Prejemnik\/Empf\u00e4nger: Mladi rod,&nbsp;IBAN: AT74 3910 0000 0302 7190, BIC: [&hellip;]<\/p>\n","protected":false},"author":1,"featured_media":0,"parent":0,"menu_order":0,"comment_status":"closed","ping_status":"closed","template":"","meta":{"footnotes":""},"class_list":["post-37","page","type-page","status-publish"],"_links":{"self":[{"href":"https:\/\/www.mladirod.at\/index.php?rest_route=\/wp\/v2\/pages\/37","targetHints":{"allow":["GET"]}}],"collection":[{"href":"https:\/\/www.mladirod.at\/index.php?rest_route=\/wp\/v2\/pages"}],"about":[{"href":"https:\/\/www.mladirod.at\/index.php?rest_route=\/wp\/v2\/types\/page"}],"author":[{"embeddable":true,"href":"https:\/\/www.mladirod.at\/index.php?rest_route=\/wp\/v2\/users\/1"}],"replies":[{"embeddable":true,"href":"https:\/\/www.mladirod.at\/index.php?rest_route=%2Fwp%2Fv2%2Fcomments&post=37"}],"version-history":[{"count":26,"href":"https:\/\/www.mladirod.at\/index.php?rest_route=\/wp\/v2\/pages\/37\/revisions"}],"predecessor-version":[{"id":3269,"href":"https:\/\/www.mladirod.at\/index.php?rest_route=\/wp\/v2\/pages\/37\/revisions\/3269"}],"wp:attachment":[{"href":"https:\/\/www.mladirod.at\/index.php?rest_route=%2Fwp%2Fv2%2Fmedia&parent=37"}],"curies":[{"name":"wp","href":"https:\/\/api.w.org\/{rel}","templated":true}]}}