{"id":3399,"date":"2024-10-01T15:41:03","date_gmt":"2024-10-01T14:41:03","guid":{"rendered":"https:\/\/www.mladirod.at\/?page_id=3399"},"modified":"2025-06-05T05:34:49","modified_gmt":"2025-06-05T04:34:49","slug":"test","status":"publish","type":"page","link":"https:\/\/www.mladirod.at\/?page_id=3399","title":{"rendered":"Abo\/Naro\u010dila"},"content":{"rendered":"\n<p>Naro\u010dite revijo Mladi rod. Vsak drugi mesec izide revija s pesmimi, besedili in delovnimi listi za otroke od 6. do 14. leta starosti. <\/p>\n\n\n\n<p>Bestellen Sie die Schulzeitschrift Mladi rod, die alle zwei Monate erscheint! Darin finden Sie slowenische Texte, Gedichte, R\u00e4tsel und Arbeitsbl\u00e4tter f\u00fcr Kinder zwischen 6 und 14 Jahren. Die Bestellung des Mladi rod ist sowohl f\u00fcr Schulen als auch f\u00fcr Privatpersonen m\u00f6glich.<\/p>\n\n\n\n<div class=\"wpcf7 no-js\" id=\"wpcf7-f3398-o1\" lang=\"de-DE\" dir=\"ltr\" data-wpcf7-id=\"3398\">\n<div class=\"screen-reader-response\"><p role=\"status\" aria-live=\"polite\" aria-atomic=\"true\"><\/p> <ul><\/ul><\/div>\n<form action=\"\/index.php?rest_route=%2Fwp%2Fv2%2Fpages%2F3399#wpcf7-f3398-o1\" method=\"post\" class=\"wpcf7-form init\" aria-label=\"Kontaktformular\" novalidate=\"novalidate\" data-status=\"init\">\n<fieldset class=\"hidden-fields-container\"><input type=\"hidden\" name=\"_wpcf7\" value=\"3398\" \/><input type=\"hidden\" name=\"_wpcf7_version\" value=\"6.1.5\" \/><input type=\"hidden\" name=\"_wpcf7_locale\" value=\"de_DE\" \/><input type=\"hidden\" name=\"_wpcf7_unit_tag\" value=\"wpcf7-f3398-o1\" \/><input type=\"hidden\" name=\"_wpcf7_container_post\" value=\"0\" \/><input type=\"hidden\" name=\"_wpcf7_posted_data_hash\" value=\"\" \/><input type=\"hidden\" name=\"_wpcf7_recaptcha_response\" value=\"\" \/>\n<\/fieldset>\n<h2>Naro\u010dilnica\/Bestellformular\n<\/h2>\n<p><label> Ime\/Vorname *<br \/>\n<span class=\"wpcf7-form-control-wrap\" data-name=\"tvoje-ime\"><input size=\"40\" maxlength=\"400\" class=\"wpcf7-form-control wpcf7-text wpcf7-validates-as-required\" autocomplete=\"name\" aria-required=\"true\" aria-invalid=\"false\" value=\"\" type=\"text\" name=\"tvoje-ime\" \/><\/span> <\/label>\n<\/p>\n<p><label> Priimek\/Familienname *<br \/>\n<span class=\"wpcf7-form-control-wrap\" data-name=\"tvoj-priimek\"><input size=\"40\" maxlength=\"400\" class=\"wpcf7-form-control wpcf7-text wpcf7-validates-as-required\" autocomplete=\"name\" aria-required=\"true\" aria-invalid=\"false\" value=\"\" type=\"text\" name=\"tvoj-priimek\" \/><\/span> <\/label>\n<\/p>\n<p><label> Cesta in hi\u0161na \u0161tevilka\/Stra\u00dfe und Hausnummer *<br \/>\n<span class=\"wpcf7-form-control-wrap\" data-name=\"cesta\"><input size=\"40\" maxlength=\"400\" class=\"wpcf7-form-control wpcf7-text wpcf7-validates-as-required\" autocomplete=\"name\" aria-required=\"true\" aria-invalid=\"false\" value=\"\" type=\"text\" name=\"cesta\" \/><\/span> <\/label>\n<\/p>\n<p><label> Po\u0161tna \u0161tevilka\/Postleitzahl *<br \/>\n<span class=\"wpcf7-form-control-wrap\" data-name=\"posta\"><input size=\"40\" maxlength=\"400\" class=\"wpcf7-form-control wpcf7-text wpcf7-validates-as-required\" autocomplete=\"name\" aria-required=\"true\" aria-invalid=\"false\" value=\"\" type=\"text\" name=\"posta\" \/><\/span> <\/label>\n<\/p>\n<p><label> Mesto\/Stadt *<br \/>\n<span class=\"wpcf7-form-control-wrap\" data-name=\"mesto\"><input size=\"40\" maxlength=\"400\" class=\"wpcf7-form-control wpcf7-text wpcf7-validates-as-required\" autocomplete=\"name\" aria-required=\"true\" aria-invalid=\"false\" value=\"\" type=\"text\" name=\"mesto\" \/><\/span> <\/label>\n<\/p>\n<p><label> Dr\u017eava\/Land *<br \/>\n<span class=\"wpcf7-form-control-wrap\" data-name=\"drzava\"><input size=\"40\" maxlength=\"400\" class=\"wpcf7-form-control wpcf7-text wpcf7-validates-as-required\" autocomplete=\"name\" aria-required=\"true\" aria-invalid=\"false\" value=\"\" type=\"text\" name=\"drzava\" \/><\/span> <\/label>\n<\/p>\n<p><label> E-Mail *<br \/>\n<span class=\"wpcf7-form-control-wrap\" data-name=\"tvoj-email\"><input size=\"40\" maxlength=\"400\" class=\"wpcf7-form-control wpcf7-email wpcf7-validates-as-required wpcf7-text wpcf7-validates-as-email\" autocomplete=\"email\" aria-required=\"true\" aria-invalid=\"false\" value=\"\" type=\"email\" name=\"tvoj-email\" \/><\/span> <\/label>\n<\/p>\n<h2>Dodatna ponudba\/Zusatzangebot\n<\/h2>\n<p><span class=\"wpcf7-form-control-wrap\" data-name=\"Mladirod-letnanarocnina\"><input class=\"wpcf7-form-control wpcf7-number wpcf7-validates-as-number\" min=\"0\" max=\"300\" aria-invalid=\"false\" value=\"\" type=\"number\" name=\"Mladirod-letnanarocnina\" \/><\/span> kom.\/St\u00fcck Mladi rod (letna naro\u010dnina\/Jahresabonnement - \u00e1 18 \u20ac)\n<\/p>\n<p><span class=\"wpcf7-form-control-wrap\" data-name=\"Mladirod-brezplacno\"><input class=\"wpcf7-form-control wpcf7-number wpcf7-validates-as-number\" min=\"0\" max=\"3000\" aria-invalid=\"false\" value=\"\" type=\"number\" name=\"Mladirod-brezplacno\" \/><\/span> kom.\/St\u00fcck Mladi rod (letna naro\u010dnina\/Jahresabonnement) -brezpla\u010dni izvodi za 3. in 4. \u0161olsko stopnjo L\u0160\/ kostenlose Exemplare f\u00fcr die 3. und 4. Schulstufe der VS\n<\/p>\n<p><span class=\"wpcf7-form-control-wrap\" data-name=\"Mladirod-ucitelji\"><input class=\"wpcf7-form-control wpcf7-number wpcf7-validates-as-number\" min=\"0\" max=\"300\" aria-invalid=\"false\" value=\"\" type=\"number\" name=\"Mladirod-ucitelji\" \/><\/span> kom.\/St\u00fcck Mladi rod (letna naro\u010dnina\/Jahresabonnement) - brezpla\u010dni izvodi za u\u010diteljice oz. u\u010ditelje \/ kostenlose Exemplare f\u00fcr Lehrerinnen und Lehrer\n<\/p>\n<p>Dodatna ponudba\/Zusatzangebot\n<\/p>\n<p><span class=\"wpcf7-form-control-wrap\" data-name=\"Mladirod-vezan\"><input class=\"wpcf7-form-control wpcf7-number wpcf7-validates-as-number\" min=\"0\" max=\"300\" aria-invalid=\"false\" value=\"\" type=\"number\" name=\"Mladirod-vezan\" \/><\/span> kom.\/St\u00fcck vezanega letnika\/des gebundenen Jahrganges (\u00e1 25\u20ac )\n<\/p>\n<p><label> Pripombe\/Anmerkungen (optional)<br \/>\n<span class=\"wpcf7-form-control-wrap\" data-name=\"tvoje-pripombe\"><textarea cols=\"40\" rows=\"10\" maxlength=\"2000\" class=\"wpcf7-form-control wpcf7-textarea\" aria-invalid=\"false\" name=\"tvoje-pripombe\"><\/textarea><\/span> <\/label>\n<\/p>\n<p><input class=\"wpcf7-form-control wpcf7-submit has-spinner\" type=\"submit\" value=\"Odpo\u0161lji\/Senden\" \/>\n<\/p><div class=\"wpcf7-response-output\" aria-hidden=\"true\"><\/div>\n<\/form>\n<\/div>\n\n\n\n\n<p><\/p>\n","protected":false},"excerpt":{"rendered":"<p>Naro\u010dite revijo Mladi rod. Vsak drugi mesec izide revija s pesmimi, besedili in delovnimi listi za otroke od 6. do 14. leta starosti. Bestellen Sie die Schulzeitschrift Mladi rod, die alle zwei Monate erscheint! Darin finden Sie slowenische Texte, Gedichte, R\u00e4tsel und Arbeitsbl\u00e4tter f\u00fcr Kinder zwischen 6 und 14 Jahren. Die Bestellung des Mladi rod [&hellip;]<\/p>\n","protected":false},"author":1,"featured_media":0,"parent":0,"menu_order":0,"comment_status":"closed","ping_status":"closed","template":"","meta":{"footnotes":""},"class_list":["post-3399","page","type-page","status-publish"],"_links":{"self":[{"href":"https:\/\/www.mladirod.at\/index.php?rest_route=\/wp\/v2\/pages\/3399","targetHints":{"allow":["GET"]}}],"collection":[{"href":"https:\/\/www.mladirod.at\/index.php?rest_route=\/wp\/v2\/pages"}],"about":[{"href":"https:\/\/www.mladirod.at\/index.php?rest_route=\/wp\/v2\/types\/page"}],"author":[{"embeddable":true,"href":"https:\/\/www.mladirod.at\/index.php?rest_route=\/wp\/v2\/users\/1"}],"replies":[{"embeddable":true,"href":"https:\/\/www.mladirod.at\/index.php?rest_route=%2Fwp%2Fv2%2Fcomments&post=3399"}],"version-history":[{"count":3,"href":"https:\/\/www.mladirod.at\/index.php?rest_route=\/wp\/v2\/pages\/3399\/revisions"}],"predecessor-version":[{"id":3402,"href":"https:\/\/www.mladirod.at\/index.php?rest_route=\/wp\/v2\/pages\/3399\/revisions\/3402"}],"wp:attachment":[{"href":"https:\/\/www.mladirod.at\/index.php?rest_route=%2Fwp%2Fv2%2Fmedia&parent=3399"}],"curies":[{"name":"wp","href":"https:\/\/api.w.org\/{rel}","templated":true}]}}