{"id":304,"date":"2014-05-28T08:37:15","date_gmt":"2014-05-28T07:37:15","guid":{"rendered":"http:\/\/www.mladirod.at\/?page_id=304"},"modified":"2016-11-05T10:38:30","modified_gmt":"2016-11-05T09:38:30","slug":"mnenja","status":"publish","type":"page","link":"https:\/\/www.mladirod.at\/?page_id=304","title":{"rendered":"Mnenja"},"content":{"rendered":"<!-- WP-ViperGB v1.6.2 -->\n<div id=\"gbHeader\" class=\"alignwide\"><div id=\"gbNavLinks\">G\u00e4stebuch anzeigen | <a href=\"\/index.php?rest_route=%2Fwp%2Fv2%2Fpages%2F304&#038;sign=1\">Trage dich ins G\u00e4stebuch ein<\/a><\/div><div id=\"gbPageLinks\">6 Eintr\u00e4ge<\/div><\/div>    <div id=\"gbEntriesWrap\" class=\"alignwide\">\r\n              <table class=\"gbEntry page-nav\">\r\n          <tr>\r\n            <td class=\"gbEntryLeft\" rowspan=\"3\">\r\n              <table class=\"nocellspacing\">\r\n                <tr>\r\n                  <td class=\"leftSide\">Eintrag:<\/td>\r\n                  <td class=\"rightSide\">\r\n                    6                  <\/td>\r\n                <\/tr>\r\n                <tr>\r\n                  <td class=\"leftSide vtop\">Datum:<\/td>\r\n                  <td class=\"rightSide\">\r\n                    Donnerstag<br \/>17:08<br \/>03.01.2013                  <\/td>\r\n                <\/tr>\r\n              <\/table>\r\n            <\/td>\r\n            <td class=\"gbEntryTop\">\r\n              <div class=\"gbAuthor\">\r\n                <img decoding=\"async\" alt=\"ip\" src=\"https:\/\/www.mladirod.at\/wp-content\/plugins\/wp-vipergb\/img\/ip.gif\" \/> Jurij Opetnik              <\/div>\r\n              <div class=\"gbFlagAndBrowser\">\r\n                 <img src='https:\/\/www.mladirod.at\/wp-content\/plugins\/wp-vipergb\/img\/browsers\/windows.png' alt='Windows NT' width='14' height='14' class='browsericon' \/>  <img src='https:\/\/www.mladirod.at\/wp-content\/plugins\/wp-vipergb\/img\/browsers\/ie.png' alt='Internet Explorer 9.0' width='14' height='14' class='browsericon' \/>               <\/div>\r\n            <\/td>\r\n          <\/tr>\r\n          <tr>\r\n            <td class=\"gbEntryContent\">\r\n              <p>Hvala za pobudne besede. Slovni\u010dna stran je res dober namig.<br \/>\nLep pozdrav<\/p>\n<p>Jurij<\/p>\n            <\/td>\r\n          <\/tr>\r\n          <tr>\r\n            <td class=\"gbEntryBottom\">\r\n                              <img decoding=\"async\" alt=\"\" src=\"https:\/\/www.mladirod.at\/wp-content\/plugins\/wp-vipergb\/img\/email.gif\" \/> &lt;ausgeblendet&gt;<br \/>\r\n                                        <\/td>\r\n          <\/tr>\r\n        <\/table>\r\n              <table class=\"gbEntry page-nav\">\r\n          <tr>\r\n            <td class=\"gbEntryLeft\" rowspan=\"3\">\r\n              <table class=\"nocellspacing\">\r\n                <tr>\r\n                  <td class=\"leftSide\">Eintrag:<\/td>\r\n                  <td class=\"rightSide\">\r\n                    5                  <\/td>\r\n                <\/tr>\r\n                <tr>\r\n                  <td class=\"leftSide vtop\">Datum:<\/td>\r\n                  <td class=\"rightSide\">\r\n                    Donnerstag<br \/>16:32<br \/>03.01.2013                  <\/td>\r\n                <\/tr>\r\n              <\/table>\r\n            <\/td>\r\n            <td class=\"gbEntryTop\">\r\n              <div class=\"gbAuthor\">\r\n                <img decoding=\"async\" alt=\"ip\" src=\"https:\/\/www.mladirod.at\/wp-content\/plugins\/wp-vipergb\/img\/ip.gif\" \/> kain              <\/div>\r\n              <div class=\"gbFlagAndBrowser\">\r\n                 <img src='https:\/\/www.mladirod.at\/wp-content\/plugins\/wp-vipergb\/img\/browsers\/windows.png' alt='Windows XP' width='14' height='14' class='browsericon' \/>  <img src='https:\/\/www.mladirod.at\/wp-content\/plugins\/wp-vipergb\/img\/browsers\/ie.png' alt='Internet Explorer 8.0' width='14' height='14' class='browsericon' \/>               <\/div>\r\n            <\/td>\r\n          <\/tr>\r\n          <tr>\r\n            <td class=\"gbEntryContent\">\r\n              <p>veselim se vedno nove izdaje. mladi rod je vedno del tedenska na\u010drta. pogre\u0161am pa slovnice. pou\u010dujem v srednji novi \u0161oli v celovcu &#8211; ve\u010dina u\u010dencev nima predznanja iz sloven\u0161\u010dine. prav lep pozdrav in sre\u010dno novo leto<\/p>\n            <\/td>\r\n          <\/tr>\r\n          <tr>\r\n            <td class=\"gbEntryBottom\">\r\n                              <img decoding=\"async\" alt=\"\" src=\"https:\/\/www.mladirod.at\/wp-content\/plugins\/wp-vipergb\/img\/email.gif\" \/> &lt;ausgeblendet&gt;<br \/>\r\n                                        <\/td>\r\n          <\/tr>\r\n        <\/table>\r\n              <table class=\"gbEntry page-nav\">\r\n          <tr>\r\n            <td class=\"gbEntryLeft\" rowspan=\"3\">\r\n              <table class=\"nocellspacing\">\r\n                <tr>\r\n                  <td class=\"leftSide\">Eintrag:<\/td>\r\n                  <td class=\"rightSide\">\r\n                    4                  <\/td>\r\n                <\/tr>\r\n                <tr>\r\n                  <td class=\"leftSide vtop\">Datum:<\/td>\r\n                  <td class=\"rightSide\">\r\n                    Mittwoch<br \/>15:18<br \/>18.01.2012                  <\/td>\r\n                <\/tr>\r\n              <\/table>\r\n            <\/td>\r\n            <td class=\"gbEntryTop\">\r\n              <div class=\"gbAuthor\">\r\n                <img decoding=\"async\" alt=\"ip\" src=\"https:\/\/www.mladirod.at\/wp-content\/plugins\/wp-vipergb\/img\/ip.gif\" \/> mateja              <\/div>\r\n              <div class=\"gbFlagAndBrowser\">\r\n                 <img src='https:\/\/www.mladirod.at\/wp-content\/plugins\/wp-vipergb\/img\/browsers\/windows.png' alt='Windows Vista' width='14' height='14' class='browsericon' \/>  <img src='https:\/\/www.mladirod.at\/wp-content\/plugins\/wp-vipergb\/img\/browsers\/firefox.png' alt='Mozilla Firefox 9.0.1' width='14' height='14' class='browsericon' \/>               <\/div>\r\n            <\/td>\r\n          <\/tr>\r\n          <tr>\r\n            <td class=\"gbEntryContent\">\r\n              <p>To je res DOBRA stran! Hvala in \u0161e naprej veliko energije!!!<br \/>\nMateja<\/p>\n            <\/td>\r\n          <\/tr>\r\n          <tr>\r\n            <td class=\"gbEntryBottom\">\r\n                              <img decoding=\"async\" alt=\"\" src=\"https:\/\/www.mladirod.at\/wp-content\/plugins\/wp-vipergb\/img\/email.gif\" \/> &lt;ausgeblendet&gt;<br \/>\r\n                                        <\/td>\r\n          <\/tr>\r\n        <\/table>\r\n              <table class=\"gbEntry page-nav\">\r\n          <tr>\r\n            <td class=\"gbEntryLeft\" rowspan=\"3\">\r\n              <table class=\"nocellspacing\">\r\n                <tr>\r\n                  <td class=\"leftSide\">Eintrag:<\/td>\r\n                  <td class=\"rightSide\">\r\n                    3                  <\/td>\r\n                <\/tr>\r\n                <tr>\r\n                  <td class=\"leftSide vtop\">Datum:<\/td>\r\n                  <td class=\"rightSide\">\r\n                    Dienstag<br \/>19:10<br \/>29.11.2011                  <\/td>\r\n                <\/tr>\r\n              <\/table>\r\n            <\/td>\r\n            <td class=\"gbEntryTop\">\r\n              <div class=\"gbAuthor\">\r\n                <img decoding=\"async\" alt=\"ip\" src=\"https:\/\/www.mladirod.at\/wp-content\/plugins\/wp-vipergb\/img\/ip.gif\" \/> Claudia              <\/div>\r\n              <div class=\"gbFlagAndBrowser\">\r\n                 <img src='https:\/\/www.mladirod.at\/wp-content\/plugins\/wp-vipergb\/img\/browsers\/windows.png' alt='Windows XP' width='14' height='14' class='browsericon' \/>  <img src='https:\/\/www.mladirod.at\/wp-content\/plugins\/wp-vipergb\/img\/browsers\/ie.png' alt='Internet Explorer 8.0' width='14' height='14' class='browsericon' \/>               <\/div>\r\n            <\/td>\r\n          <\/tr>\r\n          <tr>\r\n            <td class=\"gbEntryContent\">\r\n              <p>Prav lepa hvala!!! To je pa zares lepo darilo! Zelo nam olajsa delo.<\/p>\n<p>Vesele bozicne praznike<\/p>\n<p>Claudia Wulz<\/p>\n            <\/td>\r\n          <\/tr>\r\n          <tr>\r\n            <td class=\"gbEntryBottom\">\r\n                              <img decoding=\"async\" alt=\"\" src=\"https:\/\/www.mladirod.at\/wp-content\/plugins\/wp-vipergb\/img\/email.gif\" \/> &lt;ausgeblendet&gt;<br \/>\r\n                                        <\/td>\r\n          <\/tr>\r\n        <\/table>\r\n              <table class=\"gbEntry page-nav\">\r\n          <tr>\r\n            <td class=\"gbEntryLeft\" rowspan=\"3\">\r\n              <table class=\"nocellspacing\">\r\n                <tr>\r\n                  <td class=\"leftSide\">Eintrag:<\/td>\r\n                  <td class=\"rightSide\">\r\n                    2                  <\/td>\r\n                <\/tr>\r\n                <tr>\r\n                  <td class=\"leftSide vtop\">Datum:<\/td>\r\n                  <td class=\"rightSide\">\r\n                    Dienstag<br \/>14:35<br \/>29.11.2011                  <\/td>\r\n                <\/tr>\r\n              <\/table>\r\n            <\/td>\r\n            <td class=\"gbEntryTop\">\r\n              <div class=\"gbAuthor\">\r\n                <img decoding=\"async\" alt=\"ip\" src=\"https:\/\/www.mladirod.at\/wp-content\/plugins\/wp-vipergb\/img\/ip.gif\" \/> kape              <\/div>\r\n              <div class=\"gbFlagAndBrowser\">\r\n                 <img src='https:\/\/www.mladirod.at\/wp-content\/plugins\/wp-vipergb\/img\/browsers\/windows.png' alt='Windows XP' width='14' height='14' class='browsericon' \/>  <img src='https:\/\/www.mladirod.at\/wp-content\/plugins\/wp-vipergb\/img\/browsers\/firefox.png' alt='Mozilla Firefox 3.6.13' width='14' height='14' class='browsericon' \/>               <\/div>\r\n            <\/td>\r\n          <\/tr>\r\n          <tr>\r\n            <td class=\"gbEntryContent\">\r\n              <p>Hvala lepa za nov servis, olajsa mi delo res precej.<\/p>\n<p>Mogoce bi se dalo gumb za prijavo oziroma odjavo povecat!<\/p>\n<p>Sem ga prvic kar dolgo iskal preden sem ga nasel!!<\/p>\n<p>Hvala se enkrat in vesel bozic<\/p>\n<p>simon kap<\/p>\n            <\/td>\r\n          <\/tr>\r\n          <tr>\r\n            <td class=\"gbEntryBottom\">\r\n                              <img decoding=\"async\" alt=\"\" src=\"https:\/\/www.mladirod.at\/wp-content\/plugins\/wp-vipergb\/img\/email.gif\" \/> &lt;ausgeblendet&gt;<br \/>\r\n                                        <\/td>\r\n          <\/tr>\r\n        <\/table>\r\n              <table class=\"gbEntry page-nav\">\r\n          <tr>\r\n            <td class=\"gbEntryLeft\" rowspan=\"3\">\r\n              <table class=\"nocellspacing\">\r\n                <tr>\r\n                  <td class=\"leftSide\">Eintrag:<\/td>\r\n                  <td class=\"rightSide\">\r\n                    1                  <\/td>\r\n                <\/tr>\r\n                <tr>\r\n                  <td class=\"leftSide vtop\">Datum:<\/td>\r\n                  <td class=\"rightSide\">\r\n                    Donnerstag<br \/>20:57<br \/>24.11.2011                  <\/td>\r\n                <\/tr>\r\n              <\/table>\r\n            <\/td>\r\n            <td class=\"gbEntryTop\">\r\n              <div class=\"gbAuthor\">\r\n                <img decoding=\"async\" alt=\"ip\" src=\"https:\/\/www.mladirod.at\/wp-content\/plugins\/wp-vipergb\/img\/ip.gif\" \/> Anja \u0160lemic              <\/div>\r\n              <div class=\"gbFlagAndBrowser\">\r\n                 <img src='https:\/\/www.mladirod.at\/wp-content\/plugins\/wp-vipergb\/img\/browsers\/windows.png' alt='Windows Vista' width='14' height='14' class='browsericon' \/>  <img src='https:\/\/www.mladirod.at\/wp-content\/plugins\/wp-vipergb\/img\/browsers\/ie.png' alt='Internet Explorer 9.0' width='14' height='14' class='browsericon' \/>               <\/div>\r\n            <\/td>\r\n          <\/tr>\r\n          <tr>\r\n            <td class=\"gbEntryContent\">\r\n              <p>Najlep\u0161a HVALA za ta novi servis, ki nam res zelo olaj\u0161a delo in iskanje po gradivih!!<br \/>\nTo je predbo\u017ei\u010dno darilo za vse u\u010ditelje!<\/p>\n<p>Hvala in naprej vse najbolj\u0161e!<br \/>\nANJA<\/p>\n            <\/td>\r\n          <\/tr>\r\n          <tr>\r\n            <td class=\"gbEntryBottom\">\r\n                              <img decoding=\"async\" alt=\"\" src=\"https:\/\/www.mladirod.at\/wp-content\/plugins\/wp-vipergb\/img\/email.gif\" \/> &lt;ausgeblendet&gt;<br \/>\r\n                                        <\/td>\r\n          <\/tr>\r\n        <\/table>\r\n            <span id=\"gbCredit\">Pr\u00e4sentiert von WP-ViperGB<\/span><\/div>","protected":false},"excerpt":{"rendered":"<p>G\u00e4stebuch anzeigen | Trage dich ins G\u00e4stebuch ein6 Eintr\u00e4ge Eintrag: 6 Datum: Donnerstag17:0803.01.2013 Jurij Opetnik Hvala za pobudne besede. Slovni\u010dna stran je res dober namig. Lep pozdrav Jurij &lt;ausgeblendet&gt; Eintrag: 5 Datum: Donnerstag16:3203.01.2013 kain veselim se vedno nove izdaje. mladi rod je vedno del tedenska na\u010drta. pogre\u0161am pa slovnice. pou\u010dujem v srednji novi \u0161oli v [&hellip;]<\/p>\n","protected":false},"author":1,"featured_media":0,"parent":0,"menu_order":0,"comment_status":"closed","ping_status":"closed","template":"","meta":{"footnotes":""},"class_list":["post-304","page","type-page","status-publish"],"_links":{"self":[{"href":"https:\/\/www.mladirod.at\/index.php?rest_route=\/wp\/v2\/pages\/304","targetHints":{"allow":["GET"]}}],"collection":[{"href":"https:\/\/www.mladirod.at\/index.php?rest_route=\/wp\/v2\/pages"}],"about":[{"href":"https:\/\/www.mladirod.at\/index.php?rest_route=\/wp\/v2\/types\/page"}],"author":[{"embeddable":true,"href":"https:\/\/www.mladirod.at\/index.php?rest_route=\/wp\/v2\/users\/1"}],"replies":[{"embeddable":true,"href":"https:\/\/www.mladirod.at\/index.php?rest_route=%2Fwp%2Fv2%2Fcomments&post=304"}],"version-history":[{"count":3,"href":"https:\/\/www.mladirod.at\/index.php?rest_route=\/wp\/v2\/pages\/304\/revisions"}],"predecessor-version":[{"id":308,"href":"https:\/\/www.mladirod.at\/index.php?rest_route=\/wp\/v2\/pages\/304\/revisions\/308"}],"wp:attachment":[{"href":"https:\/\/www.mladirod.at\/index.php?rest_route=%2Fwp%2Fv2%2Fmedia&parent=304"}],"curies":[{"name":"wp","href":"https:\/\/api.w.org\/{rel}","templated":true}]}}