{"id":11,"date":"2011-02-17T07:50:15","date_gmt":"2011-02-17T07:50:15","guid":{"rendered":"http:\/\/www.mladirod.at\/?page_id=11"},"modified":"2024-09-14T18:01:32","modified_gmt":"2024-09-14T17:01:32","slug":"zgodovina","status":"publish","type":"page","link":"https:\/\/www.mladirod.at\/?page_id=11","title":{"rendered":"Zgodovina"},"content":{"rendered":"<h3>Pri\u010detek in razvoj:<\/h3>\n<p><strong>1951:<\/strong><br \/>\nU\u010ditelji Franc Aichholzer, Rudolf Vouk, Bernard Strau\u00df, Mirko Srienc, Herman Velik i. dr. snujejo MLADI ROD (\u010dtivo za dvojezi\u010dni pouk in pouk slovenskega jezika kot nadomestilo za \u010ditanko, ki je ni bilo) in pripravijo prvo izdajo.<\/p>\n<p><strong>1952:<\/strong><br \/>\nJanuarja izide prva dvojna \u0161tevilka (januar \u2013 februar) \u0161olskega in mladinskega glasila MLADI ROD. Urednik, lastnik in zalo\u017enik je (takrat \u017ee upokojeni) ravnatelj Franc Aichholzer.<\/p>\n<p><strong>1953:<\/strong><br \/>\nOd septembra naprej je lastnik in izdajatelj MLADEGA RODA \u00bbKonzorcij koro\u0161kih u\u010diteljev\u00ab. Pozneje nastopi namesto \u00bbkonzorcija\u00ab \u00bbDelovna skupnost u\u010diteljev na ljudskih \u0161olah pri De\u017eelnem \u0161olskem svetu za Koro\u0161ko\u00ab. Ta imenuje glavnega urednika ter uredni\u0161ki odbor, ki ima svoje sestanke v gosti\u0161\u010du \u00bbBierjokl\u00ab v Celovcu. Za vsako izdajo glasila je potrebna posebna aprobacija Zveznega ministrstva. \u00bbDelovno skupnost\u00ab po nekaj letih spet zamenja \u00bbkonzorcij\u00ab, ki kot nekako zdru\u017eenje dvojezi\u010dnih u\u010diteljev in u\u010diteljev slovenskega jezika nastopa tudi pobudnik in nositelj nekaterih drugih dejavnosti.<\/p>\n<p><strong>1985:<\/strong><br \/>\nS pri\u010detkom \u0161olskega leta 1985\/86 nastopi kot izdajatelj, lastnik in zalo\u017enik Dru\u0161tvo \u00bbMladi rod\u00ab z izvoljenim predsednikom in dru\u0161tvenim odborom. Sprememba v smislu zakona o dru\u0161tvih z jasno strukturo, pristojnostjo in odgovornostjo prinese predvsem nekaj olaj\u0161av pri pridobivanju javnih podpor.<\/p>\n<h3>Uredni\u0161tvo:<\/h3>\n<p>1952 \u2013 1953<br \/>\n<strong>Franc Aichholzer<\/strong> je pobudnik, ustanovitelj, lastnik, izdajatelj ter glavni in odgovorni urednik.<\/p>\n<p>1953 \u2013 1955<br \/>\n<strong>Bernard Strau\u00df<\/strong>, strokovni u\u010ditelj v Celovcu, opravlja delo glavnega in odgovornega urednika.<\/p>\n<p>1955 \u2013 1971<br \/>\n<strong>Rudolf Vouk<\/strong>, \u0161olski ravnatelj v Apa\u010dah, pozneje \u0161olski nadzornik in vodja manj\u0161insko\u0161olskega oddelka pri De\u017eelnem \u0161olskem svetu, je glavni urednik MLADEGA RODA; odgovorni urednik v smislu tiskovnega zakona je sprva Bernard Strau\u00df, nato Herman Velik.<\/p>\n<p>1972 \u2013 1976<br \/>\n<strong>Herman Velik<\/strong>, ravnatelj ljudske \u0161ole Sele-Kot je glavni in odgovorni urednik.<\/p>\n<p>1976 \u2013 1991<br \/>\n<strong>Toma\u017e Ogris<\/strong>, takrat glavno\u0161olski u\u010ditelj v Vetrinju pri Celovcu, stopi po nenadni smrti Hermana Velika na njegovo mesto in nadaljuje z delom.<\/p>\n<p>1991 &#8211; 2002<br \/>\n<strong>Hanzi Millonig<\/strong>, ravnatelj ljudske \u0161ole Bistrica v Ro\u017eu, prevzame s pri\u010detkom \u0161olskega leta 1991\/92 uredni\u0161ko delo.<\/p>\n<p>2002 &#8211; 2016<br \/>\n<strong>Jurij Opetnik<\/strong> postane glavni in odgovorni urednik \u0161olskega in mladinskega glasila MLADI ROD. 2011 je pod njegovim vodstvom nastala doma\u010da stran www.mladirod.at. Pravtako je v sodelovanju z ilustratorjem Marjanom Man\u010dkom ustvaril logotipe Mladega roda.<\/p>\n<div>od 2016 naprej<\/div>\n<div><b><strong>Magda Zidej<\/strong><\/b>, ljudsko\u0161olska u\u010diteljica, prevzame junija 2016 glavno uredni\u0161tvo.<\/div>\n<div><\/div>\n<div><\/div>\n","protected":false},"excerpt":{"rendered":"<p>Pri\u010detek in razvoj: 1951: U\u010ditelji Franc Aichholzer, Rudolf Vouk, Bernard Strau\u00df, Mirko Srienc, Herman Velik i. dr. snujejo MLADI ROD (\u010dtivo za dvojezi\u010dni pouk in pouk slovenskega jezika kot nadomestilo za \u010ditanko, ki je ni bilo) in pripravijo prvo izdajo. 1952: Januarja izide prva dvojna \u0161tevilka (januar \u2013 februar) \u0161olskega in mladinskega glasila MLADI ROD. [&hellip;]<\/p>\n","protected":false},"author":1,"featured_media":0,"parent":0,"menu_order":0,"comment_status":"closed","ping_status":"open","template":"","meta":{"footnotes":""},"class_list":["post-11","page","type-page","status-publish"],"_links":{"self":[{"href":"https:\/\/www.mladirod.at\/index.php?rest_route=\/wp\/v2\/pages\/11","targetHints":{"allow":["GET"]}}],"collection":[{"href":"https:\/\/www.mladirod.at\/index.php?rest_route=\/wp\/v2\/pages"}],"about":[{"href":"https:\/\/www.mladirod.at\/index.php?rest_route=\/wp\/v2\/types\/page"}],"author":[{"embeddable":true,"href":"https:\/\/www.mladirod.at\/index.php?rest_route=\/wp\/v2\/users\/1"}],"replies":[{"embeddable":true,"href":"https:\/\/www.mladirod.at\/index.php?rest_route=%2Fwp%2Fv2%2Fcomments&post=11"}],"version-history":[{"count":11,"href":"https:\/\/www.mladirod.at\/index.php?rest_route=\/wp\/v2\/pages\/11\/revisions"}],"predecessor-version":[{"id":3386,"href":"https:\/\/www.mladirod.at\/index.php?rest_route=\/wp\/v2\/pages\/11\/revisions\/3386"}],"wp:attachment":[{"href":"https:\/\/www.mladirod.at\/index.php?rest_route=%2Fwp%2Fv2%2Fmedia&parent=11"}],"curies":[{"name":"wp","href":"https:\/\/api.w.org\/{rel}","templated":true}]}}